{"id":1396,"date":"2022-06-28T05:15:49","date_gmt":"2022-06-28T05:15:49","guid":{"rendered":"https:\/\/carpodromo.famazing.pt\/condicoes-gerais\/"},"modified":"2022-07-18T13:48:26","modified_gmt":"2022-07-18T13:48:26","slug":"condiciones-generales","status":"publish","type":"page","link":"https:\/\/carpodromo.pt\/es\/condiciones-generales\/","title":{"rendered":"Condiciones generales"},"content":{"rendered":"\t\t<div data-elementor-type=\"wp-page\" data-elementor-id=\"1396\" class=\"elementor elementor-1396 elementor-796\" data-elementor-post-type=\"page\">\n\t\t\t\t\t\t<section class=\"elementor-section elementor-top-section elementor-element elementor-element-10bb36e9 elementor-section-boxed elementor-section-height-default elementor-section-height-default\" data-id=\"10bb36e9\" data-element_type=\"section\" data-e-type=\"section\" id=\"carptitle\" data-settings=\"{&quot;background_background&quot;:&quot;classic&quot;}\">\n\t\t\t\t\t\t\t<div class=\"elementor-background-overlay\"><\/div>\n\t\t\t\t\t\t\t<div class=\"elementor-container elementor-column-gap-default\">\n\t\t\t\t\t<div class=\"elementor-column elementor-col-100 elementor-top-column elementor-element elementor-element-6b22846b\" data-id=\"6b22846b\" data-element_type=\"column\" data-e-type=\"column\">\n\t\t\t<div class=\"elementor-widget-wrap elementor-element-populated\">\n\t\t\t\t\t\t<div class=\"elementor-element elementor-element-b72304e elementor-invisible elementor-widget elementor-widget-heading\" data-id=\"b72304e\" data-element_type=\"widget\" data-e-type=\"widget\" data-settings=\"{&quot;_animation&quot;:&quot;fadeInUp&quot;,&quot;_animation_delay&quot;:100}\" data-widget_type=\"heading.default\">\n\t\t\t\t<div class=\"elementor-widget-container\">\n\t\t\t\t\t<h2 class=\"elementor-heading-title elementor-size-default\">Condiciones generales<\/h2>\t\t\t\t<\/div>\n\t\t\t\t<\/div>\n\t\t\t\t\t<\/div>\n\t\t<\/div>\n\t\t\t\t\t<\/div>\n\t\t<\/section>\n\t\t\t\t<section class=\"elementor-section elementor-top-section elementor-element elementor-element-402721df elementor-section-boxed elementor-section-height-default elementor-section-height-default\" data-id=\"402721df\" data-element_type=\"section\" data-e-type=\"section\">\n\t\t\t\t\t\t<div class=\"elementor-container elementor-column-gap-default\">\n\t\t\t\t\t<div class=\"elementor-column elementor-col-100 elementor-top-column elementor-element elementor-element-4f22331b\" data-id=\"4f22331b\" data-element_type=\"column\" data-e-type=\"column\">\n\t\t\t<div class=\"elementor-widget-wrap elementor-element-populated\">\n\t\t\t\t\t\t<div class=\"elementor-element elementor-element-40996560 elementor-invisible elementor-widget elementor-widget-text-editor\" data-id=\"40996560\" data-element_type=\"widget\" data-e-type=\"widget\" data-settings=\"{&quot;_animation&quot;:&quot;fadeInUp&quot;,&quot;_animation_delay&quot;:250}\" data-widget_type=\"text-editor.default\">\n\t\t\t\t<div class=\"elementor-widget-container\">\n\t\t\t\t\t\t\t\t\t<p>El contenido de este sitio web, incluidos en particular los textos, im\u00e1genes, fotograf\u00edas, aplicaciones multimedia y otros elementos contenidos en el mismo, son propiedad de Carpodromo, Lda, a excepci\u00f3n del contenido proporcionado por anunciantes o socios comerciales que se identifiquen como tales.<\/p><p><br \/>Carpodromo, Lda, se reserva el derecho de utilizar la informaci\u00f3n proporcionada por el usuario para procesar solicitudes de cotizaci\u00f3n, as\u00ed como para realizar contactos para promover iniciativas y servicios.<\/p><p><br \/>Queda expresamente prohibido publicar, reproducir, difundir o distribuir de cualquier forma nuestros contenidos o im\u00e1genes en este sitio web, haci\u00e9ndolos accesibles a terceros con fines de marketing, poni\u00e9ndolos a disposici\u00f3n en otro sitio (servicio electr\u00f3nico, foro virtual o copias en papel) .<\/p><p><br \/>Queda expresamente prohibido copiar, reproducir y difundir, total o parcialmente, todos los contenidos de este sitio web sin autorizaci\u00f3n expresa, cualquiera que sea el medio utilizado, con excepci\u00f3n del derecho de cita definido en la ley del C\u00f3digo de los Derechos de Autor y Derechos relacionados.<\/p><p><br \/>Ninguna persona o entidad involucrada en la creaci\u00f3n, producci\u00f3n o distribuci\u00f3n del sitio web www.carpodromo.pt ser\u00e1 responsable por las p\u00e9rdidas y da\u00f1os, directos o indirectos, derivados del uso de los contenidos enviados por correo electr\u00f3nico. El usuario acepta que estas disposiciones se aplican a todos los contenidos incluidos en el sitio web.<\/p><p><br \/>El acceso a www.carpodromo.pt no dispensa del conocimiento previo de las condiciones generales de uso de sus contenidos y respectivos servicios, lo que implica que el usuario y el visitante tienen pleno conocimiento de los mismos.<\/p><p><br \/>Carpodromo, Lda no es responsable por la calidad, seguridad, funcionalidad, legalidad o licitud de los enlaces y recursos referenciados fuera del sitio web www.carpodromo.pt.<\/p><p><br \/>Queda expresamente prohibido a cualquier usuario crear o introducir cualquier tipo de virus o programas que alteren o da\u00f1en el funcionamiento y los contenidos puestos a disposici\u00f3n a trav\u00e9s del sitio web www.carpodromo.pt.<\/p><p><br \/>Carpodromo, Lda no garantiza que el sitio web www.carpodromo.pt y el env\u00edo de informaci\u00f3n por correo electr\u00f3nico funcionen ininterrumpidamente o est\u00e9n libres de errores.<\/p><p><br \/>Carpodromo, Lda se reserva el derecho, sin previo aviso, de modificar los t\u00e9rminos y condiciones de uso de este sitio.<\/p>\t\t\t\t\t\t\t\t<\/div>\n\t\t\t\t<\/div>\n\t\t\t\t\t<\/div>\n\t\t<\/div>\n\t\t\t\t\t<\/div>\n\t\t<\/section>\n\t\t\t\t<\/div>\n\t\t","protected":false},"excerpt":{"rendered":"<p>El contenido de este sitio web, incluidos en particular los textos, im\u00e1genes, fotograf\u00edas, aplicaciones multimedia y otros elementos contenidos en el mismo, son propiedad de Carpodromo, Lda, a excepci\u00f3n del contenido proporcionado por anunciantes o socios comerciales que se identifiquen como tales. Carpodromo, Lda, se reserva el derecho de utilizar la informaci\u00f3n proporcionada por el [&hellip;]<\/p>\n","protected":false},"author":1,"featured_media":0,"parent":0,"menu_order":0,"comment_status":"closed","ping_status":"closed","template":"elementor_header_footer","meta":{"_acf_changed":false,"footnotes":""},"class_list":["post-1396","page","type-page","status-publish","hentry"],"acf":[],"_links":{"self":[{"href":"https:\/\/carpodromo.pt\/es\/wp-json\/wp\/v2\/pages\/1396","targetHints":{"allow":["GET"]}}],"collection":[{"href":"https:\/\/carpodromo.pt\/es\/wp-json\/wp\/v2\/pages"}],"about":[{"href":"https:\/\/carpodromo.pt\/es\/wp-json\/wp\/v2\/types\/page"}],"author":[{"embeddable":true,"href":"https:\/\/carpodromo.pt\/es\/wp-json\/wp\/v2\/users\/1"}],"replies":[{"embeddable":true,"href":"https:\/\/carpodromo.pt\/es\/wp-json\/wp\/v2\/comments?post=1396"}],"version-history":[{"count":8,"href":"https:\/\/carpodromo.pt\/es\/wp-json\/wp\/v2\/pages\/1396\/revisions"}],"predecessor-version":[{"id":1818,"href":"https:\/\/carpodromo.pt\/es\/wp-json\/wp\/v2\/pages\/1396\/revisions\/1818"}],"wp:attachment":[{"href":"https:\/\/carpodromo.pt\/es\/wp-json\/wp\/v2\/media?parent=1396"}],"curies":[{"name":"wp","href":"https:\/\/api.w.org\/{rel}","templated":true}]}}