{"id":1410,"date":"2022-06-30T15:12:29","date_gmt":"2022-06-30T15:12:29","guid":{"rendered":"https:\/\/carpodromo.famazing.pt\/regulamento\/"},"modified":"2024-01-15T01:44:33","modified_gmt":"2024-01-15T01:44:33","slug":"reglamento","status":"publish","type":"page","link":"https:\/\/carpodromo.pt\/es\/reglamento\/","title":{"rendered":"Reglamento de Uso"},"content":{"rendered":"\t\t<div data-elementor-type=\"wp-page\" data-elementor-id=\"1410\" class=\"elementor elementor-1410 elementor-1137\" data-elementor-post-type=\"page\">\n\t\t\t\t\t\t<section class=\"elementor-section elementor-top-section elementor-element elementor-element-10bb36e9 elementor-section-boxed elementor-section-height-default elementor-section-height-default\" data-id=\"10bb36e9\" data-element_type=\"section\" data-e-type=\"section\" id=\"carptitle\" data-settings=\"{&quot;background_background&quot;:&quot;classic&quot;}\">\n\t\t\t\t\t\t\t<div class=\"elementor-background-overlay\"><\/div>\n\t\t\t\t\t\t\t<div class=\"elementor-container elementor-column-gap-default\">\n\t\t\t\t\t<div class=\"elementor-column elementor-col-100 elementor-top-column elementor-element elementor-element-6b22846b\" data-id=\"6b22846b\" data-element_type=\"column\" data-e-type=\"column\">\n\t\t\t<div class=\"elementor-widget-wrap elementor-element-populated\">\n\t\t\t\t\t\t<div class=\"elementor-element elementor-element-b72304e elementor-invisible elementor-widget elementor-widget-heading\" data-id=\"b72304e\" data-element_type=\"widget\" data-e-type=\"widget\" data-settings=\"{&quot;_animation&quot;:&quot;fadeInUp&quot;,&quot;_animation_delay&quot;:100}\" data-widget_type=\"heading.default\">\n\t\t\t\t<div class=\"elementor-widget-container\">\n\t\t\t\t\t<h2 class=\"elementor-heading-title elementor-size-default\">Reglamento de Uso<\/h2>\t\t\t\t<\/div>\n\t\t\t\t<\/div>\n\t\t\t\t\t<\/div>\n\t\t<\/div>\n\t\t\t\t\t<\/div>\n\t\t<\/section>\n\t\t\t\t<section class=\"elementor-section elementor-top-section elementor-element elementor-element-402721df elementor-section-boxed elementor-section-height-default elementor-section-height-default\" data-id=\"402721df\" data-element_type=\"section\" data-e-type=\"section\">\n\t\t\t\t\t\t<div class=\"elementor-container elementor-column-gap-default\">\n\t\t\t\t\t<div class=\"elementor-column elementor-col-100 elementor-top-column elementor-element elementor-element-4f22331b\" data-id=\"4f22331b\" data-element_type=\"column\" data-e-type=\"column\">\n\t\t\t<div class=\"elementor-widget-wrap elementor-element-populated\">\n\t\t\t\t\t\t<div class=\"elementor-element elementor-element-eb96461 elementor-widget elementor-widget-toggle\" data-id=\"eb96461\" data-element_type=\"widget\" data-e-type=\"widget\" data-widget_type=\"toggle.default\">\n\t\t\t\t<div class=\"elementor-widget-container\">\n\t\t\t\t\t\t\t<div class=\"elementor-toggle\">\n\t\t\t\t\t\t\t<div class=\"elementor-toggle-item\">\n\t\t\t\t\t<div id=\"elementor-tab-title-2471\" class=\"elementor-tab-title\" data-tab=\"1\" role=\"button\" aria-controls=\"elementor-tab-content-2471\" aria-expanded=\"false\">\n\t\t\t\t\t\t\t\t\t\t\t\t<span class=\"elementor-toggle-icon elementor-toggle-icon-left\" aria-hidden=\"true\">\n\t\t\t\t\t\t\t\t\t\t\t\t\t\t\t<span class=\"elementor-toggle-icon-closed\"><i class=\"fas fa-caret-right\"><\/i><\/span>\n\t\t\t\t\t\t\t\t<span class=\"elementor-toggle-icon-opened\"><i class=\"elementor-toggle-icon-opened fas fa-caret-up\"><\/i><\/span>\n\t\t\t\t\t\t\t\t\t\t\t\t\t<\/span>\n\t\t\t\t\t\t\t\t\t\t\t\t<a class=\"elementor-toggle-title\" tabindex=\"0\">1. NORMAS GENERALES<\/a>\n\t\t\t\t\t<\/div>\n\n\t\t\t\t\t<div id=\"elementor-tab-content-2471\" class=\"elementor-tab-content elementor-clearfix\" data-tab=\"1\" role=\"region\" aria-labelledby=\"elementor-tab-title-2471\"><p>1.1. Es obligatorio practicar la pesca sin muerte de los peches (Catch and Release). <br \/>1.2. La retenci\u00f3n de pez es estrictamente prohibida (en sacos o mangas de retenci\u00f3n), mismo para un pescador que est\u00e9 solo. <br \/>1.3. En cuanto pesques un pez y, con \u00e9l a\u00fan dentro de la sacadera, contacta con los Encargados del Lago para informarles de la captura y proceder seg\u00fan las instrucciones recibidas. <br \/>1.4. Cada usuario del recinto (mayor de edad) es responsable de sus actos, de los actos de los menores y mascotas que le acompa\u00f1en. <br \/>1.5. Es expresamente prohibido el transporte de peche de y hacia las charcas. <br \/>1.6. Los representantes de Carpodromo, Lda, (Administradores, Socios u otras personas designadas por ellos), en adelante Responsables del Lago, har\u00e1n cumplir este reglamento siempre que sea necesario..<br \/>1.7. Responsables del Lago podr\u00e1n expulsar del recinto, en cualquier momento, a cualquier persona que infrinja el presente reglamento, provoque disturbios o se encuentre en estado de embriaguez.<\/p><\/div>\n\t\t\t\t<\/div>\n\t\t\t\t\t\t\t<div class=\"elementor-toggle-item\">\n\t\t\t\t\t<div id=\"elementor-tab-title-2472\" class=\"elementor-tab-title\" data-tab=\"2\" role=\"button\" aria-controls=\"elementor-tab-content-2472\" aria-expanded=\"false\">\n\t\t\t\t\t\t\t\t\t\t\t\t<span class=\"elementor-toggle-icon elementor-toggle-icon-left\" aria-hidden=\"true\">\n\t\t\t\t\t\t\t\t\t\t\t\t\t\t\t<span class=\"elementor-toggle-icon-closed\"><i class=\"fas fa-caret-right\"><\/i><\/span>\n\t\t\t\t\t\t\t\t<span class=\"elementor-toggle-icon-opened\"><i class=\"elementor-toggle-icon-opened fas fa-caret-up\"><\/i><\/span>\n\t\t\t\t\t\t\t\t\t\t\t\t\t<\/span>\n\t\t\t\t\t\t\t\t\t\t\t\t<a class=\"elementor-toggle-title\" tabindex=\"0\">2. PUESTOS <\/a>\n\t\t\t\t\t<\/div>\n\n\t\t\t\t\t<div id=\"elementor-tab-content-2472\" class=\"elementor-tab-content elementor-clearfix\" data-tab=\"2\" role=\"region\" aria-labelledby=\"elementor-tab-title-2472\"><p>2.1. Es prohibida la pesca fura de los puestos o de las zonas delimitadas para el efecto Todo pescador debe respetar su zona de pesca. <br \/>2.2. Lo respecto por la naturaleza es imperativo. Todos los puestos deber\u00e1n ser mantenidos limpios y non podr\u00e1n haber quiosquero detritos en lo puesto (tampones de cerveza, colillas de cigarrillos, l\u00edneas, embalajes, etc.). <br \/>2.3. Poder\u00e1s cambiar tu puesto de acuerdo a la disponibilidad y acuerdo de los Responsables del Lago. <br \/>2.4. Los cambios de puesto se realizan siempre de acuerdo con las instrucciones del Responsable del Lago.<\/p><\/div>\n\t\t\t\t<\/div>\n\t\t\t\t\t\t\t<div class=\"elementor-toggle-item\">\n\t\t\t\t\t<div id=\"elementor-tab-title-2473\" class=\"elementor-tab-title\" data-tab=\"3\" role=\"button\" aria-controls=\"elementor-tab-content-2473\" aria-expanded=\"false\">\n\t\t\t\t\t\t\t\t\t\t\t\t<span class=\"elementor-toggle-icon elementor-toggle-icon-left\" aria-hidden=\"true\">\n\t\t\t\t\t\t\t\t\t\t\t\t\t\t\t<span class=\"elementor-toggle-icon-closed\"><i class=\"fas fa-caret-right\"><\/i><\/span>\n\t\t\t\t\t\t\t\t<span class=\"elementor-toggle-icon-opened\"><i class=\"elementor-toggle-icon-opened fas fa-caret-up\"><\/i><\/span>\n\t\t\t\t\t\t\t\t\t\t\t\t\t<\/span>\n\t\t\t\t\t\t\t\t\t\t\t\t<a class=\"elementor-toggle-title\" tabindex=\"0\">3. MATERIAL PERMITIDO Y PROHIBIDO <\/a>\n\t\t\t\t\t<\/div>\n\n\t\t\t\t\t<div id=\"elementor-tab-content-2473\" class=\"elementor-tab-content elementor-clearfix\" data-tab=\"3\" role=\"region\" aria-labelledby=\"elementor-tab-title-2473\"><p>3.1. Es prohibido el uso de barcas personales (bote de remos o barca motora). <br \/>3.2. Barcas cebadoras son permitidas, aunque no causen disturbios a los otros pescadores. <br \/>3.3. Solamente son autorizadas 3 ca\u00f1as per pescador o 4 ca\u00f1as por puesto.<br \/>3.4. Non es permitido lo uso de sacaderas, moquetas de recepci\u00f3n o bolsa de pesaje personales. <br \/>3.5. Ser\u00e1 fornecido a lo pescador, cando empezar su jornada, una sacadera, una moqueta de recepci\u00f3n y un kit de tratamiento de heridas para lo peche, que deber\u00e1n ser devueltos por lo fin de la jornada, no mismo estado en que fueran fornecidos. <br \/>3.6. Los sombreros, refugios o tiendas de campa\u00f1a deben ser de un color neutro (verde oscuro o camuflaje) y adecuados para lo carp fishing. <br \/>3.7. El uso de toldos est\u00e1 sujeto a la aprobaci\u00f3n de los administradores del lago.<\/p><\/div>\n\t\t\t\t<\/div>\n\t\t\t\t\t\t\t<div class=\"elementor-toggle-item\">\n\t\t\t\t\t<div id=\"elementor-tab-title-2474\" class=\"elementor-tab-title\" data-tab=\"4\" role=\"button\" aria-controls=\"elementor-tab-content-2474\" aria-expanded=\"false\">\n\t\t\t\t\t\t\t\t\t\t\t\t<span class=\"elementor-toggle-icon elementor-toggle-icon-left\" aria-hidden=\"true\">\n\t\t\t\t\t\t\t\t\t\t\t\t\t\t\t<span class=\"elementor-toggle-icon-closed\"><i class=\"fas fa-caret-right\"><\/i><\/span>\n\t\t\t\t\t\t\t\t<span class=\"elementor-toggle-icon-opened\"><i class=\"elementor-toggle-icon-opened fas fa-caret-up\"><\/i><\/span>\n\t\t\t\t\t\t\t\t\t\t\t\t\t<\/span>\n\t\t\t\t\t\t\t\t\t\t\t\t<a class=\"elementor-toggle-title\" tabindex=\"0\">4. CUIDADOS DE LOS PECES <\/a>\n\t\t\t\t\t<\/div>\n\n\t\t\t\t\t<div id=\"elementor-tab-content-2474\" class=\"elementor-tab-content elementor-clearfix\" data-tab=\"4\" role=\"region\" aria-labelledby=\"elementor-tab-title-2474\"><p>4.1. Es prohibido posar lo peche en cualquier sitio que no sea la moqueta de recepci\u00f3n. <br \/>4.2. Los peces capturados debem manipularse con el mayor cuidado posible, debe desinfectarse y devolverse r\u00e1pidamente al agua. La devoluci\u00f3n se realizar\u00e1 en un plazo m\u00e1ximo de 5 (cinco) minutos despu\u00e9s de la captura, en el lago y puesto donde fueron capturados. <br \/>4.3. Es obligatorio mojar al pez regularmente, mientras est\u00e1 fuera del agua.<\/p><\/div>\n\t\t\t\t<\/div>\n\t\t\t\t\t\t\t<div class=\"elementor-toggle-item\">\n\t\t\t\t\t<div id=\"elementor-tab-title-2475\" class=\"elementor-tab-title\" data-tab=\"5\" role=\"button\" aria-controls=\"elementor-tab-content-2475\" aria-expanded=\"false\">\n\t\t\t\t\t\t\t\t\t\t\t\t<span class=\"elementor-toggle-icon elementor-toggle-icon-left\" aria-hidden=\"true\">\n\t\t\t\t\t\t\t\t\t\t\t\t\t\t\t<span class=\"elementor-toggle-icon-closed\"><i class=\"fas fa-caret-right\"><\/i><\/span>\n\t\t\t\t\t\t\t\t<span class=\"elementor-toggle-icon-opened\"><i class=\"elementor-toggle-icon-opened fas fa-caret-up\"><\/i><\/span>\n\t\t\t\t\t\t\t\t\t\t\t\t\t<\/span>\n\t\t\t\t\t\t\t\t\t\t\t\t<a class=\"elementor-toggle-title\" tabindex=\"0\">5. MONTAJES<\/a>\n\t\t\t\t\t<\/div>\n\n\t\t\t\t\t<div id=\"elementor-tab-content-2475\" class=\"elementor-tab-content elementor-clearfix\" data-tab=\"5\" role=\"region\" aria-labelledby=\"elementor-tab-title-2475\"><p>5.1. No se permiten hilos multifilamento\/trenzado simple o con n\u00facleo de plomo (leadcore) en el carrete\/l\u00ednea principal. <br \/>5.2. Se pueden permitir hilos multifilamento\/trenzados recubiertos en los bajos. P\u00f3ngase en contacto con un Responsables del Lago para obtener m\u00e1s informaci\u00f3n.<br \/>5.3. Solo se permite 1 (un) anzuelo por ca\u00f1a con micro muerte o sin muerte. <br \/>5.4. No se permiten anzuelos m\u00e1s grandes que el #1 o m\u00e1s peque\u00f1os que el #8. <br \/>5.5. Est\u00e1 prohibido el uso de anzuelos Longshank. <br \/>5.6. Solo se permiten bajos que permitan una liberaci\u00f3n r\u00e1pida y f\u00e1cil de lo plomo. <br \/>5.7. Es obligatorio el uso de un tubo protector \u2013 goma \u2013 (en el carrete\/l\u00ednea principal), con un tama\u00f1o m\u00ednimo de 40 cm. <br \/>5.8. Para la seguridad de nuestros peces, los Responsables del Lago pueden, en cualquier momento, realizar una inspecci\u00f3n de los equipos de pesca, con el fin de hacer cumplir los puntos antes mencionados.<\/p><\/div>\n\t\t\t\t<\/div>\n\t\t\t\t\t\t\t<div class=\"elementor-toggle-item\">\n\t\t\t\t\t<div id=\"elementor-tab-title-2476\" class=\"elementor-tab-title\" data-tab=\"6\" role=\"button\" aria-controls=\"elementor-tab-content-2476\" aria-expanded=\"false\">\n\t\t\t\t\t\t\t\t\t\t\t\t<span class=\"elementor-toggle-icon elementor-toggle-icon-left\" aria-hidden=\"true\">\n\t\t\t\t\t\t\t\t\t\t\t\t\t\t\t<span class=\"elementor-toggle-icon-closed\"><i class=\"fas fa-caret-right\"><\/i><\/span>\n\t\t\t\t\t\t\t\t<span class=\"elementor-toggle-icon-opened\"><i class=\"elementor-toggle-icon-opened fas fa-caret-up\"><\/i><\/span>\n\t\t\t\t\t\t\t\t\t\t\t\t\t<\/span>\n\t\t\t\t\t\t\t\t\t\t\t\t<a class=\"elementor-toggle-title\" tabindex=\"0\">6. POSTURAS & SEBOS <\/a>\n\t\t\t\t\t<\/div>\n\n\t\t\t\t\t<div id=\"elementor-tab-content-2476\" class=\"elementor-tab-content elementor-clearfix\" data-tab=\"6\" role=\"region\" aria-labelledby=\"elementor-tab-title-2476\"><p>6.1. Debido al tama\u00f1o de las lagunas, no se deben realizar cebos exagerados. En caso de duda, consulte a un Responsable del Lago. <br \/>6.2. Solo se permite el uso de semillas cocidas de origen comercial y en paquetes sellados o compradas en el lago. <br \/>6.3. Est\u00e1 prohibido el uso de chufas (TigerNuts) tanto en las posturas como en los sebos.<br \/>6.4. Todas las semillas a utilizar deben ser vistas y autorizadas por los Responsables del Lago. <br \/>6.5. Es prohibido el uso de cebos tipo harina.<br \/>6.6. Est\u00e1 terminantemente prohibido devolver los cebos artificiales, pop-ups o dumbells al agua despu\u00e9s de su uso. <br \/>6.7. Est\u00e1 prohibido devolver los excedentes de cebo al agua al final de su pesca. El cebo sobrante se puede entregar en recepci\u00f3n para su correcto uso.<\/p><\/div>\n\t\t\t\t<\/div>\n\t\t\t\t\t\t\t<div class=\"elementor-toggle-item\">\n\t\t\t\t\t<div id=\"elementor-tab-title-2477\" class=\"elementor-tab-title\" data-tab=\"7\" role=\"button\" aria-controls=\"elementor-tab-content-2477\" aria-expanded=\"false\">\n\t\t\t\t\t\t\t\t\t\t\t\t<span class=\"elementor-toggle-icon elementor-toggle-icon-left\" aria-hidden=\"true\">\n\t\t\t\t\t\t\t\t\t\t\t\t\t\t\t<span class=\"elementor-toggle-icon-closed\"><i class=\"fas fa-caret-right\"><\/i><\/span>\n\t\t\t\t\t\t\t\t<span class=\"elementor-toggle-icon-opened\"><i class=\"elementor-toggle-icon-opened fas fa-caret-up\"><\/i><\/span>\n\t\t\t\t\t\t\t\t\t\t\t\t\t<\/span>\n\t\t\t\t\t\t\t\t\t\t\t\t<a class=\"elementor-toggle-title\" tabindex=\"0\">7. SEGURIDAD, COMPORTAMIENTO GENERAL Y MASCOTAS <\/a>\n\t\t\t\t\t<\/div>\n\n\t\t\t\t\t<div id=\"elementor-tab-content-2477\" class=\"elementor-tab-content elementor-clearfix\" data-tab=\"7\" role=\"region\" aria-labelledby=\"elementor-tab-title-2477\"><p>7.1. Es prohibido ba\u00f1arse en los lagos. <br \/>7.2. Est\u00e1 prohibido usar detergentes para lavar platos en los grifos de los puestos y poner agua con detergente en los estanques o en las orillas.<br \/>7.3. Es obligatorio el uso de chaleco salvavidas cuando se utiliza un bote de remos o motor. <br \/>7.4. Es obligatorio depositar la basura y separar los vidrios en los respectivos contenedores disponibles en el recinto. <br \/>7.5. Las hogueras en el suelo est\u00e1n prohibidas. Solo se permite carb\u00f3n en las parrillas. Consulte a un Responsable del Lago antes de encender la parrilla. <br \/>7.6. Las mascotas son bienvenidas. Los propietarios son totalmente responsables de las acciones de sus animales, as\u00ed como de la limpieza de sus excrementos.<br \/>7.7. Los veh\u00edculos automotores s\u00f3lo podr\u00e1n permanecer junto a los puestos para carga y descarga de material, debiendo ser aparcados en los lugares designados por los Responsables del Lago por el tiempo restante.<br \/>7.8. Los vestuarios est\u00e1n a disposici\u00f3n de todos los clientes y acompa\u00f1antes las 24 horas del d\u00eda. <br \/>7.9. Queda terminantemente prohibido realizar cualquier necesidad fisiol\u00f3gica al aire libre, bajo pena de expulsi\u00f3n del recinto e invalidando su regreso al mismo en el futuro.<\/p><\/div>\n\t\t\t\t<\/div>\n\t\t\t\t\t\t\t<div class=\"elementor-toggle-item\">\n\t\t\t\t\t<div id=\"elementor-tab-title-2478\" class=\"elementor-tab-title\" data-tab=\"8\" role=\"button\" aria-controls=\"elementor-tab-content-2478\" aria-expanded=\"false\">\n\t\t\t\t\t\t\t\t\t\t\t\t<span class=\"elementor-toggle-icon elementor-toggle-icon-left\" aria-hidden=\"true\">\n\t\t\t\t\t\t\t\t\t\t\t\t\t\t\t<span class=\"elementor-toggle-icon-closed\"><i class=\"fas fa-caret-right\"><\/i><\/span>\n\t\t\t\t\t\t\t\t<span class=\"elementor-toggle-icon-opened\"><i class=\"elementor-toggle-icon-opened fas fa-caret-up\"><\/i><\/span>\n\t\t\t\t\t\t\t\t\t\t\t\t\t<\/span>\n\t\t\t\t\t\t\t\t\t\t\t\t<a class=\"elementor-toggle-title\" tabindex=\"0\">8. ACOMPA\u00d1ANTES <\/a>\n\t\t\t\t\t<\/div>\n\n\t\t\t\t\t<div id=\"elementor-tab-content-2478\" class=\"elementor-tab-content elementor-clearfix\" data-tab=\"8\" role=\"region\" aria-labelledby=\"elementor-tab-title-2478\"><p>8.1. Los acompa\u00f1antes son bienvenidos, sin embargo no pueden interferir en el acto de la pesca (lanzar, recuperar la ca\u00f1a, trabajar el pescado), excepto para ayudar a utilizar la sacadera. <br \/>8.2. Cada pescador puede traer 1 (un) acompa\u00f1ante mayor de 14 a\u00f1os y hasta 2 ni\u00f1os menores de 14 a\u00f1os.<br \/>8.3. Los acompa\u00f1antes menores de 14 a\u00f1os son gratis.<\/p><\/div>\n\t\t\t\t<\/div>\n\t\t\t\t\t\t\t<div class=\"elementor-toggle-item\">\n\t\t\t\t\t<div id=\"elementor-tab-title-2479\" class=\"elementor-tab-title\" data-tab=\"9\" role=\"button\" aria-controls=\"elementor-tab-content-2479\" aria-expanded=\"false\">\n\t\t\t\t\t\t\t\t\t\t\t\t<span class=\"elementor-toggle-icon elementor-toggle-icon-left\" aria-hidden=\"true\">\n\t\t\t\t\t\t\t\t\t\t\t\t\t\t\t<span class=\"elementor-toggle-icon-closed\"><i class=\"fas fa-caret-right\"><\/i><\/span>\n\t\t\t\t\t\t\t\t<span class=\"elementor-toggle-icon-opened\"><i class=\"elementor-toggle-icon-opened fas fa-caret-up\"><\/i><\/span>\n\t\t\t\t\t\t\t\t\t\t\t\t\t<\/span>\n\t\t\t\t\t\t\t\t\t\t\t\t<a class=\"elementor-toggle-title\" tabindex=\"0\">9. LEGADAS Y SALIDAS <\/a>\n\t\t\t\t\t<\/div>\n\n\t\t\t\t\t<div id=\"elementor-tab-content-2479\" class=\"elementor-tab-content elementor-clearfix\" data-tab=\"9\" role=\"region\" aria-labelledby=\"elementor-tab-title-2479\"><p>9.1. Las reservas de los puestos se realizan a partir de las 12 horas del d\u00eda de llegada y hasta las 11 horas del d\u00eda de salida. <br \/>9.2. Las llegadas deben realizarse entre las 12 del mediod\u00eda y las 7 de la tarde. <br \/>9.3. Cualquier caso de llegada antes o despu\u00e9s de los horarios mencionados en el p\u00e1rrafo anterior, deber\u00e1 ser comunicado a Carpodromo Lda., para consultar disponibilidad. <br \/>9.4. Cualquier cambio para extender la estad\u00eda debe ser comunicado a Carpodromo Lda., y ser\u00e1 aceptado sujeto a disponibilidad. <br \/>9.5. En caso de acortar la estancia, se adeuda el importe total de la reserva realizada.<\/p><\/div>\n\t\t\t\t<\/div>\n\t\t\t\t\t\t\t<div class=\"elementor-toggle-item\">\n\t\t\t\t\t<div id=\"elementor-tab-title-24710\" class=\"elementor-tab-title\" data-tab=\"10\" role=\"button\" aria-controls=\"elementor-tab-content-24710\" aria-expanded=\"false\">\n\t\t\t\t\t\t\t\t\t\t\t\t<span class=\"elementor-toggle-icon elementor-toggle-icon-left\" aria-hidden=\"true\">\n\t\t\t\t\t\t\t\t\t\t\t\t\t\t\t<span class=\"elementor-toggle-icon-closed\"><i class=\"fas fa-caret-right\"><\/i><\/span>\n\t\t\t\t\t\t\t\t<span class=\"elementor-toggle-icon-opened\"><i class=\"elementor-toggle-icon-opened fas fa-caret-up\"><\/i><\/span>\n\t\t\t\t\t\t\t\t\t\t\t\t\t<\/span>\n\t\t\t\t\t\t\t\t\t\t\t\t<a class=\"elementor-toggle-title\" tabindex=\"0\">10. EXCLUSI\u00d3N DE RESPONSABILIDAD <\/a>\n\t\t\t\t\t<\/div>\n\n\t\t\t\t\t<div id=\"elementor-tab-content-24710\" class=\"elementor-tab-content elementor-clearfix\" data-tab=\"10\" role=\"region\" aria-labelledby=\"elementor-tab-title-24710\"><p>10.1. Carpodromo, Lda no se hace responsable de los accidentes que resulten del uso inadecuado de las instalaciones, del equipo disponible o de la violaci\u00f3n de este reglamento. <br \/>10.2. Carpodromo, Lda no se responsabiliza por cualquier robo da\u00f1o al material y equipo propiedad de nuestros clientes.<\/p><\/div>\n\t\t\t\t<\/div>\n\t\t\t\t\t\t\t<div class=\"elementor-toggle-item\">\n\t\t\t\t\t<div id=\"elementor-tab-title-24711\" class=\"elementor-tab-title\" data-tab=\"11\" role=\"button\" aria-controls=\"elementor-tab-content-24711\" aria-expanded=\"false\">\n\t\t\t\t\t\t\t\t\t\t\t\t<span class=\"elementor-toggle-icon elementor-toggle-icon-left\" aria-hidden=\"true\">\n\t\t\t\t\t\t\t\t\t\t\t\t\t\t\t<span class=\"elementor-toggle-icon-closed\"><i class=\"fas fa-caret-right\"><\/i><\/span>\n\t\t\t\t\t\t\t\t<span class=\"elementor-toggle-icon-opened\"><i class=\"elementor-toggle-icon-opened fas fa-caret-up\"><\/i><\/span>\n\t\t\t\t\t\t\t\t\t\t\t\t\t<\/span>\n\t\t\t\t\t\t\t\t\t\t\t\t<a class=\"elementor-toggle-title\" tabindex=\"0\">11. R\u00c9GIMEN GENERAL DE PROTECCI\u00d3N DE DATOS - REGLAMENTO (UE) 2016\/679  <\/a>\n\t\t\t\t\t<\/div>\n\n\t\t\t\t\t<div id=\"elementor-tab-content-24711\" class=\"elementor-tab-content elementor-clearfix\" data-tab=\"11\" role=\"region\" aria-labelledby=\"elementor-tab-title-24711\"><p>11.1. Autorizo la recolecci\u00f3n de los siguientes datos personales para uso exclusivo da Carpodromo, Lda: <br \/>11.1.1. A efectos de facturaci\u00f3n: <br \/>11.1.1.1. Nombre: ___________________________________________________________________<br \/>11.1.1.2. Direcci\u00f3n: __________________________________________________________________<br \/>11.1.1.3. NIF: _____________________________________________________________________ <br \/>11.1.2. A efectos de Marketing y Comunicaci\u00f3n: <br \/>11.1.2.1. N\u00ba de m\u00f3vil: ___________________________________________________________ <br \/>11.1.2.2. E-mail: ___________________________________________________________________<br \/>11.1.2.3. Fotograf\u00edas y Video: Si____ No____<\/p><\/div>\n\t\t\t\t<\/div>\n\t\t\t\t\t\t\t<div class=\"elementor-toggle-item\">\n\t\t\t\t\t<div id=\"elementor-tab-title-24712\" class=\"elementor-tab-title\" data-tab=\"12\" role=\"button\" aria-controls=\"elementor-tab-content-24712\" aria-expanded=\"false\">\n\t\t\t\t\t\t\t\t\t\t\t\t<span class=\"elementor-toggle-icon elementor-toggle-icon-left\" aria-hidden=\"true\">\n\t\t\t\t\t\t\t\t\t\t\t\t\t\t\t<span class=\"elementor-toggle-icon-closed\"><i class=\"fas fa-caret-right\"><\/i><\/span>\n\t\t\t\t\t\t\t\t<span class=\"elementor-toggle-icon-opened\"><i class=\"elementor-toggle-icon-opened fas fa-caret-up\"><\/i><\/span>\n\t\t\t\t\t\t\t\t\t\t\t\t\t<\/span>\n\t\t\t\t\t\t\t\t\t\t\t\t<a class=\"elementor-toggle-title\" tabindex=\"0\">12. CONSIDERACIONES FINAIS <\/a>\n\t\t\t\t\t<\/div>\n\n\t\t\t\t\t<div id=\"elementor-tab-content-24712\" class=\"elementor-tab-content elementor-clearfix\" data-tab=\"12\" role=\"region\" aria-labelledby=\"elementor-tab-title-24712\"><p>12.1. El reglamento es firmado por cada pescador\/acompa\u00f1ante a su llegada y antes de dirigirse a su puesto. <br \/>12.2. El incumplimiento de cualquiera de las normas anteriormente expuestas o los perjuicios causados dentro de nuestro recinto, podr\u00e1n, los Resp\u00f3nsales del Lado, determinar la expulsi\u00f3n del recinto y exigir lo importe correspondiente a la totalidad de la reserva y de los danos causados.<\/p><\/div>\n\t\t\t\t<\/div>\n\t\t\t\t\t\t\t\t<\/div>\n\t\t\t\t\t\t<\/div>\n\t\t\t\t<\/div>\n\t\t\t\t\t<\/div>\n\t\t<\/div>\n\t\t\t\t\t<\/div>\n\t\t<\/section>\n\t\t\t\t<\/div>\n\t\t","protected":false},"excerpt":{"rendered":"<p>1. NORMAS GENERALES 1.1. Es obligatorio practicar la pesca sin muerte de los peches (Catch and Release). 1.2. La retenci\u00f3n de pez es estrictamente prohibida (en sacos o mangas de retenci\u00f3n), mismo para un pescador que est\u00e9 solo. 1.3. En cuanto pesques un pez y, con \u00e9l a\u00fan dentro de la sacadera, contacta con los [&hellip;]<\/p>\n","protected":false},"author":1,"featured_media":0,"parent":0,"menu_order":0,"comment_status":"closed","ping_status":"closed","template":"elementor_header_footer","meta":{"_acf_changed":false,"footnotes":""},"class_list":["post-1410","page","type-page","status-publish","hentry"],"acf":[],"_links":{"self":[{"href":"https:\/\/carpodromo.pt\/es\/wp-json\/wp\/v2\/pages\/1410","targetHints":{"allow":["GET"]}}],"collection":[{"href":"https:\/\/carpodromo.pt\/es\/wp-json\/wp\/v2\/pages"}],"about":[{"href":"https:\/\/carpodromo.pt\/es\/wp-json\/wp\/v2\/types\/page"}],"author":[{"embeddable":true,"href":"https:\/\/carpodromo.pt\/es\/wp-json\/wp\/v2\/users\/1"}],"replies":[{"embeddable":true,"href":"https:\/\/carpodromo.pt\/es\/wp-json\/wp\/v2\/comments?post=1410"}],"version-history":[{"count":8,"href":"https:\/\/carpodromo.pt\/es\/wp-json\/wp\/v2\/pages\/1410\/revisions"}],"predecessor-version":[{"id":2335,"href":"https:\/\/carpodromo.pt\/es\/wp-json\/wp\/v2\/pages\/1410\/revisions\/2335"}],"wp:attachment":[{"href":"https:\/\/carpodromo.pt\/es\/wp-json\/wp\/v2\/media?parent=1410"}],"curies":[{"name":"wp","href":"https:\/\/api.w.org\/{rel}","templated":true}]}}