{"id":1412,"date":"2022-06-28T05:13:16","date_gmt":"2022-06-28T05:13:16","guid":{"rendered":"https:\/\/carpodromo.famazing.pt\/politica-privacidade\/"},"modified":"2022-07-18T13:55:17","modified_gmt":"2022-07-18T13:55:17","slug":"politica-privacidad","status":"publish","type":"page","link":"https:\/\/carpodromo.pt\/es\/politica-privacidad\/","title":{"rendered":"Pol\u00edtica de privacidad"},"content":{"rendered":"\t\t<div data-elementor-type=\"wp-page\" data-elementor-id=\"1412\" class=\"elementor elementor-1412 elementor-788\" data-elementor-post-type=\"page\">\n\t\t\t\t\t\t<section class=\"elementor-section elementor-top-section elementor-element elementor-element-10bb36e9 elementor-section-boxed elementor-section-height-default elementor-section-height-default\" data-id=\"10bb36e9\" data-element_type=\"section\" data-e-type=\"section\" id=\"carptitle\" data-settings=\"{&quot;background_background&quot;:&quot;classic&quot;}\">\n\t\t\t\t\t\t\t<div class=\"elementor-background-overlay\"><\/div>\n\t\t\t\t\t\t\t<div class=\"elementor-container elementor-column-gap-default\">\n\t\t\t\t\t<div class=\"elementor-column elementor-col-100 elementor-top-column elementor-element elementor-element-6b22846b\" data-id=\"6b22846b\" data-element_type=\"column\" data-e-type=\"column\">\n\t\t\t<div class=\"elementor-widget-wrap elementor-element-populated\">\n\t\t\t\t\t\t<div class=\"elementor-element elementor-element-b72304e elementor-invisible elementor-widget elementor-widget-heading\" data-id=\"b72304e\" data-element_type=\"widget\" data-e-type=\"widget\" data-settings=\"{&quot;_animation&quot;:&quot;fadeInUp&quot;,&quot;_animation_delay&quot;:100}\" data-widget_type=\"heading.default\">\n\t\t\t\t<div class=\"elementor-widget-container\">\n\t\t\t\t\t<h2 class=\"elementor-heading-title elementor-size-default\">Pol\u00edtica de privacidad<\/h2>\t\t\t\t<\/div>\n\t\t\t\t<\/div>\n\t\t\t\t\t<\/div>\n\t\t<\/div>\n\t\t\t\t\t<\/div>\n\t\t<\/section>\n\t\t\t\t<section class=\"elementor-section elementor-top-section elementor-element elementor-element-402721df elementor-section-boxed elementor-section-height-default elementor-section-height-default\" data-id=\"402721df\" data-element_type=\"section\" data-e-type=\"section\">\n\t\t\t\t\t\t<div class=\"elementor-container elementor-column-gap-default\">\n\t\t\t\t\t<div class=\"elementor-column elementor-col-100 elementor-top-column elementor-element elementor-element-4f22331b\" data-id=\"4f22331b\" data-element_type=\"column\" data-e-type=\"column\">\n\t\t\t<div class=\"elementor-widget-wrap elementor-element-populated\">\n\t\t\t\t\t\t<div class=\"elementor-element elementor-element-40996560 elementor-invisible elementor-widget elementor-widget-text-editor\" data-id=\"40996560\" data-element_type=\"widget\" data-e-type=\"widget\" data-settings=\"{&quot;_animation&quot;:&quot;fadeInUp&quot;,&quot;_animation_delay&quot;:250}\" data-widget_type=\"text-editor.default\">\n\t\t\t\t<div class=\"elementor-widget-container\">\n\t\t\t\t\t\t\t\t\t<p>En Carpodromo, Lda valoramos la confianza que deposita en nosotros y la confidencialidad de sus datos. La confidencialidad e integridad de sus datos personales es una de nuestras principales preocupaciones. Esta Pol\u00edtica de Privacidad establece la forma en que Carpodromo, Lda utiliza sus datos personales y se compone de los siguientes puntos:<\/p>\n<p><b>1. \u00bfQui\u00e9n es el responsable del tratamiento de sus datos personales?<br><\/b>Carpodromo, Lda es responsable por el tratamiento de los datos personales de quien completa y env\u00eda los Formularios disponibles a trav\u00e9s de la p\u00e1gina de Contactos y en la p\u00e1gina interna de cada Lagoa (Charca y Pinos).<\/p>\n<p><b>2. \u00bfC\u00f3mo recopilamos sus datos personales?<br><\/b>a. Sus datos personales son recogidos si los completa y env\u00eda los Formularios, presentes en la p\u00e1gina de Contactos y en la p\u00e1gina interna de cada Lagoa (Charca y Pinos).<\/p>\n<p><b>3. \u00bfCon qu\u00e9 fines y sobre qu\u00e9 base se pueden utilizar sus datos personales?<br><\/b>a. Sus datos ser\u00e1n utilizados para atender solicitudes de informaci\u00f3n, reservas, as\u00ed como para realizar contactos para promocionar iniciativas y servicios.<\/p>\n<p><b>4. \u00bfQu\u00e9 datos personales se pueden recopilar?<br><\/b>a. Las siguientes categor\u00edas de datos personales podr\u00e1n ser recabados a trav\u00e9s de los canales y servicios descritos en esta Pol\u00edtica de Privacidad:<br>i. Informaci\u00f3n de contacto \u2013 Nombre, E-mail, Tel\u00e9fono;<br>ii. Informaci\u00f3n de la reserva: fechas de entrada y salida, n\u00famero de personas, otros servicios deseados;<\/p>\n<p><b>5. \u00bfC\u00f3mo mantenemos seguros sus datos personales?<br><\/b>a. Utilizamos una variedad de medidas de seguridad, incluido el cifrado, para ayudar a proteger y mantener la seguridad, integridad y disponibilidad de sus datos personales.<br>b. Si bien la transmisi\u00f3n de datos a trav\u00e9s de Internet o el sitio web no puede garantizar una seguridad completa contra intrusiones, nosotros y nuestros proveedores de servicios hacemos los mejores esfuerzos para implementar y mantener medidas de seguridad f\u00edsicas, electr\u00f3nicas y de procedimiento destinadas a proteger sus datos personales de conformidad con los requisitos de protecci\u00f3n de datos aplicables. . Entre otros, hemos implementado los siguientes:<br>\u2013 Acceso personal restringido a sus datos personales con base en el criterio de \u201cnecesidad de saber\u201d y solo en el \u00e1mbito de los fines comunicados;<br>\u2013 Protecci\u00f3n de los sistemas de tecnolog\u00eda de la informaci\u00f3n a trav\u00e9s de firewalls, con el fin de evitar el acceso no autorizado a sus datos personales;<br>\u2013 Vigilancia permanente del acceso a los sistemas de tecnolog\u00edas de la informaci\u00f3n con el fin de prevenir, detectar y prevenir el mal uso de sus datos personales.<\/p>\n<p><b>6. \u00bfCu\u00e1nto tiempo conservamos sus datos personales?<br><\/b>Conservamos sus datos hasta que ejerza su derecho de supresi\u00f3n.<\/p>\n<p><b>7. \u00bfCon qui\u00e9n podemos compartir sus datos personales y c\u00f3mo los mantenemos seguros?<br><\/b>Sus datos personales se almacenan en los servidores seguros de nuestros proveedores\/proveedores de servicios y se accede a ellos y se utilizan exclusivamente bajo nuestras pol\u00edticas y est\u00e1ndares (o pol\u00edticas y est\u00e1ndares equivalentes de nuestros proveedores\/proveedores de servicios).<\/p>\n<p><b>8. \u00bfC\u00f3mo puede cambiar o retirar su consentimiento?<br><\/b>a. Usted puede, en cualquier momento, en persona o por correo electr\u00f3nico, siempre que pueda probar su identidad, retirar o cambiar sus declaraciones de consentimiento enviadas a Carpodromo, Lda, con efecto para el futuro.<br>Despu\u00e9s del retiro completo de sus declaraciones de consentimiento, sus datos ya no ser\u00e1n procesados.<\/p>\n<p>b. Tambi\u00e9n puede solicitar informaci\u00f3n sobre sus datos almacenados en Carpodromo, Lda, as\u00ed como la rectificaci\u00f3n, supresi\u00f3n o bloqueo de sus datos personales.<\/p>\n<p>Los detalles adicionales sobre el procesamiento de sus datos personales por parte de Carpodromo, Lda y sus derechos est\u00e1n disponibles en l\u00ednea en esta pol\u00edtica de privacidad.<\/p>\t\t\t\t\t\t\t\t<\/div>\n\t\t\t\t<\/div>\n\t\t\t\t\t<\/div>\n\t\t<\/div>\n\t\t\t\t\t<\/div>\n\t\t<\/section>\n\t\t\t\t<\/div>\n\t\t","protected":false},"excerpt":{"rendered":"<p>En Carpodromo, Lda valoramos la confianza que deposita en nosotros y la confidencialidad de sus datos. La confidencialidad e integridad de sus datos personales es una de nuestras principales preocupaciones. Esta Pol\u00edtica de Privacidad establece la forma en que Carpodromo, Lda utiliza sus datos personales y se compone de los siguientes puntos: 1. \u00bfQui\u00e9n es [&hellip;]<\/p>\n","protected":false},"author":1,"featured_media":0,"parent":0,"menu_order":0,"comment_status":"closed","ping_status":"closed","template":"elementor_header_footer","meta":{"_acf_changed":false,"footnotes":""},"class_list":["post-1412","page","type-page","status-publish","hentry"],"acf":[],"_links":{"self":[{"href":"https:\/\/carpodromo.pt\/es\/wp-json\/wp\/v2\/pages\/1412","targetHints":{"allow":["GET"]}}],"collection":[{"href":"https:\/\/carpodromo.pt\/es\/wp-json\/wp\/v2\/pages"}],"about":[{"href":"https:\/\/carpodromo.pt\/es\/wp-json\/wp\/v2\/types\/page"}],"author":[{"embeddable":true,"href":"https:\/\/carpodromo.pt\/es\/wp-json\/wp\/v2\/users\/1"}],"replies":[{"embeddable":true,"href":"https:\/\/carpodromo.pt\/es\/wp-json\/wp\/v2\/comments?post=1412"}],"version-history":[{"count":5,"href":"https:\/\/carpodromo.pt\/es\/wp-json\/wp\/v2\/pages\/1412\/revisions"}],"predecessor-version":[{"id":1830,"href":"https:\/\/carpodromo.pt\/es\/wp-json\/wp\/v2\/pages\/1412\/revisions\/1830"}],"wp:attachment":[{"href":"https:\/\/carpodromo.pt\/es\/wp-json\/wp\/v2\/media?parent=1412"}],"curies":[{"name":"wp","href":"https:\/\/api.w.org\/{rel}","templated":true}]}}