{"id":1890,"date":"2022-08-01T12:37:37","date_gmt":"2022-08-01T12:37:37","guid":{"rendered":"https:\/\/carpodromo.pt\/?page_id=1890"},"modified":"2022-08-01T12:39:46","modified_gmt":"2022-08-01T12:39:46","slug":"gracias","status":"publish","type":"page","link":"https:\/\/carpodromo.pt\/es\/gracias\/","title":{"rendered":"Gracias"},"content":{"rendered":"\t\t<div data-elementor-type=\"wp-page\" data-elementor-id=\"1890\" class=\"elementor elementor-1890 elementor-1888\" data-elementor-post-type=\"page\">\n\t\t\t\t\t\t<section class=\"elementor-section elementor-top-section elementor-element elementor-element-10bb36e9 elementor-section-boxed elementor-section-height-default elementor-section-height-default\" data-id=\"10bb36e9\" data-element_type=\"section\" data-e-type=\"section\" id=\"carptitle\" data-settings=\"{&quot;background_background&quot;:&quot;classic&quot;}\">\n\t\t\t\t\t\t\t<div class=\"elementor-background-overlay\"><\/div>\n\t\t\t\t\t\t\t<div class=\"elementor-container elementor-column-gap-default\">\n\t\t\t\t\t<div class=\"elementor-column elementor-col-100 elementor-top-column elementor-element elementor-element-6b22846b\" data-id=\"6b22846b\" data-element_type=\"column\" data-e-type=\"column\">\n\t\t\t<div class=\"elementor-widget-wrap elementor-element-populated\">\n\t\t\t\t\t\t<div class=\"elementor-element elementor-element-b72304e elementor-invisible elementor-widget elementor-widget-heading\" data-id=\"b72304e\" data-element_type=\"widget\" data-e-type=\"widget\" data-settings=\"{&quot;_animation&quot;:&quot;fadeInUp&quot;,&quot;_animation_delay&quot;:100}\" data-widget_type=\"heading.default\">\n\t\t\t\t<div class=\"elementor-widget-container\">\n\t\t\t\t\t<h2 class=\"elementor-heading-title elementor-size-default\">Gracias<\/h2>\t\t\t\t<\/div>\n\t\t\t\t<\/div>\n\t\t\t\t\t<\/div>\n\t\t<\/div>\n\t\t\t\t\t<\/div>\n\t\t<\/section>\n\t\t\t\t<section class=\"elementor-section elementor-top-section elementor-element elementor-element-b070e70 elementor-section-boxed elementor-section-height-default elementor-section-height-default\" data-id=\"b070e70\" data-element_type=\"section\" data-e-type=\"section\">\n\t\t\t\t\t\t<div class=\"elementor-container elementor-column-gap-default\">\n\t\t\t\t\t<div class=\"elementor-column elementor-col-100 elementor-top-column elementor-element elementor-element-8b206cd\" data-id=\"8b206cd\" data-element_type=\"column\" data-e-type=\"column\">\n\t\t\t<div class=\"elementor-widget-wrap elementor-element-populated\">\n\t\t\t\t\t\t<div class=\"elementor-element elementor-element-24e3ec3 elementor-invisible elementor-widget elementor-widget-heading\" data-id=\"24e3ec3\" data-element_type=\"widget\" data-e-type=\"widget\" data-settings=\"{&quot;_animation&quot;:&quot;fadeInUp&quot;,&quot;_animation_delay&quot;:150}\" data-widget_type=\"heading.default\">\n\t\t\t\t<div class=\"elementor-widget-container\">\n\t\t\t\t\t<h6 class=\"elementor-heading-title elementor-size-default\">Tenemos tu contacto<\/h6>\t\t\t\t<\/div>\n\t\t\t\t<\/div>\n\t\t\t\t<div class=\"elementor-element elementor-element-70e715b elementor-invisible elementor-widget elementor-widget-heading\" data-id=\"70e715b\" data-element_type=\"widget\" data-e-type=\"widget\" data-settings=\"{&quot;_animation&quot;:&quot;fadeInUp&quot;,&quot;_animation_delay&quot;:200}\" data-widget_type=\"heading.default\">\n\t\t\t\t<div class=\"elementor-widget-container\">\n\t\t\t\t\t<h2 class=\"elementor-heading-title elementor-size-default\">\u00a1Muchas gracias por tu mensaje!<\/h2>\t\t\t\t<\/div>\n\t\t\t\t<\/div>\n\t\t\t\t<div class=\"elementor-element elementor-element-43f42e2 elementor-invisible elementor-widget elementor-widget-text-editor\" data-id=\"43f42e2\" data-element_type=\"widget\" data-e-type=\"widget\" data-settings=\"{&quot;_animation&quot;:&quot;fadeInUp&quot;,&quot;_animation_delay&quot;:250}\" data-widget_type=\"text-editor.default\">\n\t\t\t\t<div class=\"elementor-widget-container\">\n\t\t\t\t\t\t\t\t\t<p>Su contacto ser\u00e1 procesado lo antes posible. Mientras espera, conozca m\u00e1s sobre nuestras lagunas: <a href=\"\/es\/lago-charca\/\">Lago Charca<\/a> y <a href=\"\/es\/lago-de-los-pinos\/\">Lago de los Pinos<\/a>. Vea tambi\u00e9n nuestras galer\u00edas (<a href=\"\/es\/galeria\/charca-galeria\/\">Lago Charca<\/a> \/ <a href=\"\/es\/galeria\/lago-de-los-pinos-galeria\/\">Lago de los Pinos<\/a>) y conozca <a href=\"\/es\/reglamento\/\">las normas del Carpodromo<\/a>.<\/p>\t\t\t\t\t\t\t\t<\/div>\n\t\t\t\t<\/div>\n\t\t\t\t\t<\/div>\n\t\t<\/div>\n\t\t\t\t\t<\/div>\n\t\t<\/section>\n\t\t\t\t<\/div>\n\t\t","protected":false},"excerpt":{"rendered":"<p>Tenemos tu contacto \u00a1Muchas gracias por tu mensaje! Su contacto ser\u00e1 procesado lo antes posible. Mientras espera, conozca m\u00e1s sobre nuestras lagunas: Lago Charca y Lago de los Pinos. Vea tambi\u00e9n nuestras galer\u00edas (Lago Charca \/ Lago de los Pinos) y conozca las normas del Carpodromo.<\/p>\n","protected":false},"author":1,"featured_media":0,"parent":0,"menu_order":0,"comment_status":"closed","ping_status":"closed","template":"elementor_header_footer","meta":{"_acf_changed":false,"footnotes":""},"class_list":["post-1890","page","type-page","status-publish","hentry"],"acf":[],"_links":{"self":[{"href":"https:\/\/carpodromo.pt\/es\/wp-json\/wp\/v2\/pages\/1890","targetHints":{"allow":["GET"]}}],"collection":[{"href":"https:\/\/carpodromo.pt\/es\/wp-json\/wp\/v2\/pages"}],"about":[{"href":"https:\/\/carpodromo.pt\/es\/wp-json\/wp\/v2\/types\/page"}],"author":[{"embeddable":true,"href":"https:\/\/carpodromo.pt\/es\/wp-json\/wp\/v2\/users\/1"}],"replies":[{"embeddable":true,"href":"https:\/\/carpodromo.pt\/es\/wp-json\/wp\/v2\/comments?post=1890"}],"version-history":[{"count":3,"href":"https:\/\/carpodromo.pt\/es\/wp-json\/wp\/v2\/pages\/1890\/revisions"}],"predecessor-version":[{"id":1904,"href":"https:\/\/carpodromo.pt\/es\/wp-json\/wp\/v2\/pages\/1890\/revisions\/1904"}],"wp:attachment":[{"href":"https:\/\/carpodromo.pt\/es\/wp-json\/wp\/v2\/media?parent=1890"}],"curies":[{"name":"wp","href":"https:\/\/api.w.org\/{rel}","templated":true}]}}