{"id":1938,"date":"2023-01-23T15:45:02","date_gmt":"2023-01-23T15:45:02","guid":{"rendered":"https:\/\/carpodromo.pt\/?page_id=1938"},"modified":"2024-02-16T03:40:44","modified_gmt":"2024-02-16T03:40:44","slug":"reserva","status":"publish","type":"page","link":"https:\/\/carpodromo.pt\/es\/reserva\/","title":{"rendered":"Disponibilidad"},"content":{"rendered":"\t\t<div data-elementor-type=\"wp-page\" data-elementor-id=\"1938\" class=\"elementor elementor-1938 elementor-1936\" data-elementor-post-type=\"page\">\n\t\t\t\t\t\t<section class=\"elementor-section elementor-top-section elementor-element elementor-element-628b0097 elementor-section-boxed elementor-section-height-default elementor-section-height-default\" data-id=\"628b0097\" data-element_type=\"section\" data-e-type=\"section\" id=\"carptitle\" data-settings=\"{&quot;background_background&quot;:&quot;classic&quot;}\">\n\t\t\t\t\t\t\t<div class=\"elementor-background-overlay\"><\/div>\n\t\t\t\t\t\t\t<div class=\"elementor-container elementor-column-gap-default\">\n\t\t\t\t\t<div class=\"elementor-column elementor-col-100 elementor-top-column elementor-element elementor-element-77de592\" data-id=\"77de592\" data-element_type=\"column\" data-e-type=\"column\">\n\t\t\t<div class=\"elementor-widget-wrap elementor-element-populated\">\n\t\t\t\t\t\t<div class=\"elementor-element elementor-element-726f0632 elementor-invisible elementor-widget elementor-widget-heading\" data-id=\"726f0632\" data-element_type=\"widget\" data-e-type=\"widget\" data-settings=\"{&quot;_animation&quot;:&quot;fadeInUp&quot;,&quot;_animation_delay&quot;:100}\" data-widget_type=\"heading.default\">\n\t\t\t\t<div class=\"elementor-widget-container\">\n\t\t\t\t\t<h2 class=\"elementor-heading-title elementor-size-default\">Disponibilidad<\/h2>\t\t\t\t<\/div>\n\t\t\t\t<\/div>\n\t\t\t\t\t<\/div>\n\t\t<\/div>\n\t\t\t\t\t<\/div>\n\t\t<\/section>\n\t\t\t\t<section class=\"elementor-section elementor-top-section elementor-element elementor-element-bb5dc26 elementor-section-boxed elementor-section-height-default elementor-section-height-default\" data-id=\"bb5dc26\" data-element_type=\"section\" data-e-type=\"section\" data-settings=\"{&quot;background_background&quot;:&quot;classic&quot;}\">\n\t\t\t\t\t\t<div class=\"elementor-container elementor-column-gap-default\">\n\t\t\t\t\t<div class=\"elementor-column elementor-col-100 elementor-top-column elementor-element elementor-element-6f0ed8d\" data-id=\"6f0ed8d\" data-element_type=\"column\" data-e-type=\"column\">\n\t\t\t<div class=\"elementor-widget-wrap elementor-element-populated\">\n\t\t\t\t\t\t<section class=\"elementor-section elementor-inner-section elementor-element elementor-element-2fd30ff elementor-section-full_width elementor-section-height-min-height elementor-section-height-default\" data-id=\"2fd30ff\" data-element_type=\"section\" data-e-type=\"section\">\n\t\t\t\t\t\t<div class=\"elementor-container elementor-column-gap-default\">\n\t\t\t\t\t<div class=\"elementor-column elementor-col-100 elementor-inner-column elementor-element elementor-element-e9c329f\" data-id=\"e9c329f\" data-element_type=\"column\" data-e-type=\"column\">\n\t\t\t<div class=\"elementor-widget-wrap elementor-element-populated\">\n\t\t\t\t\t\t<div class=\"elementor-element elementor-element-a5dda5e elementor-invisible elementor-widget elementor-widget-heading\" data-id=\"a5dda5e\" data-element_type=\"widget\" data-e-type=\"widget\" data-settings=\"{&quot;_animation&quot;:&quot;fadeInUp&quot;,&quot;_animation_delay&quot;:200}\" data-widget_type=\"heading.default\">\n\t\t\t\t<div class=\"elementor-widget-container\">\n\t\t\t\t\t<h2 class=\"elementor-heading-title elementor-size-default\">Consultar disponibilidad<\/h2>\t\t\t\t<\/div>\n\t\t\t\t<\/div>\n\t\t\t\t<div class=\"elementor-element elementor-element-1677e37 elementor-widget elementor-widget-elementskit-contact-form7\" data-id=\"1677e37\" data-element_type=\"widget\" data-e-type=\"widget\" data-widget_type=\"elementskit-contact-form7.default\">\n\t\t\t\t<div class=\"elementor-widget-container\">\n\t\t\t\t\t<div class=\"ekit-wid-con\" ><div class=\"ekit-form\">\n<div class=\"wpcf7 no-js\" id=\"wpcf7-f1947-p1938-o1\" lang=\"es-ES\" dir=\"ltr\" data-wpcf7-id=\"1947\">\n<div class=\"screen-reader-response\"><p role=\"status\" aria-live=\"polite\" aria-atomic=\"true\"><\/p> <ul><\/ul><\/div>\n<form action=\"\/es\/reserva\/#wpcf7-f1947-p1938-o1\" method=\"post\" class=\"wpcf7-form init\" aria-label=\"Formulario de contacto\" novalidate=\"novalidate\" data-status=\"init\">\n<fieldset class=\"hidden-fields-container\"><input type=\"hidden\" name=\"_wpcf7\" value=\"1947\" \/><input type=\"hidden\" name=\"_wpcf7_version\" value=\"6.1.5\" \/><input type=\"hidden\" name=\"_wpcf7_locale\" value=\"es_ES\" \/><input type=\"hidden\" name=\"_wpcf7_unit_tag\" value=\"wpcf7-f1947-p1938-o1\" \/><input type=\"hidden\" name=\"_wpcf7_container_post\" value=\"1938\" \/><input type=\"hidden\" name=\"_wpcf7_posted_data_hash\" value=\"\" \/><input type=\"hidden\" name=\"_wpcf7cf_hidden_group_fields\" value=\"[]\" \/><input type=\"hidden\" name=\"_wpcf7cf_hidden_groups\" value=\"[]\" \/><input type=\"hidden\" name=\"_wpcf7cf_visible_groups\" value=\"[]\" \/><input type=\"hidden\" name=\"_wpcf7cf_repeaters\" value=\"[]\" \/><input type=\"hidden\" name=\"_wpcf7cf_steps\" value=\"{}\" \/><input type=\"hidden\" name=\"_wpcf7cf_options\" value=\"{&quot;form_id&quot;:1947,&quot;conditions&quot;:[{&quot;then_field&quot;:&quot;group-523&quot;,&quot;and_rules&quot;:[{&quot;if_field&quot;:&quot;radio-barcoyn&quot;,&quot;operator&quot;:&quot;equals&quot;,&quot;if_value&quot;:&quot;Barca de remos&quot;}]},{&quot;then_field&quot;:&quot;group-2&quot;,&quot;and_rules&quot;:[{&quot;if_field&quot;:&quot;radio-lagos&quot;,&quot;operator&quot;:&quot;equals&quot;,&quot;if_value&quot;:&quot;Lago de los Pinos&quot;}]},{&quot;then_field&quot;:&quot;group-1&quot;,&quot;and_rules&quot;:[{&quot;if_field&quot;:&quot;radio-lagos&quot;,&quot;operator&quot;:&quot;equals&quot;,&quot;if_value&quot;:&quot;Charca&quot;}]}],&quot;settings&quot;:{&quot;animation&quot;:&quot;yes&quot;,&quot;animation_intime&quot;:200,&quot;animation_outtime&quot;:200,&quot;conditions_ui&quot;:&quot;normal&quot;,&quot;notice_dismissed&quot;:false,&quot;notice_dismissed_rollback-cf7-5.8.5&quot;:true}}\" \/>\n<\/fieldset>\n<div id=\"carpmform\">\n\t<div id=\"reservasform\">\n\t\t<div class=\"fixspacing bookingdays div50\">\n\t\t\t<p> Fecha de entrada<br \/>\n<span class=\"wpcf7-form-control-wrap\" data-name=\"date-entrada\"><input class=\"wpcf7-form-control wpcf7-date wpcf7-validates-as-required wpcf7-validates-as-date datepicker\" id=\"datefrom\" min=\"2026-04-22\" aria-required=\"true\" aria-invalid=\"false\" value=\"2026-04-22\" type=\"date\" name=\"date-entrada\" \/><\/span>\n\t\t\t<\/p>\n\t\t\t<p> Fecha de salida<br \/>\n<span class=\"wpcf7-form-control-wrap\" data-name=\"date-saida\"><input class=\"wpcf7-form-control wpcf7-date wpcf7-validates-as-required wpcf7-validates-as-date datepicker\" id=\"dateto\" min=\"2026-04-23\" aria-required=\"true\" aria-invalid=\"false\" value=\"2026-04-23\" type=\"date\" name=\"date-saida\" \/><\/span>\n\t\t\t<\/p>\n\t\t<\/div>\n\t\t<div class=\"carpguests div50 fixspacing\">\n\t\t\t<p> N\u00famero total de pescadores<br \/>\n<span class=\"wpcf7-form-control-wrap\" data-name=\"number-pescadores\"><input class=\"wpcf7-form-control wpcf7-number wpcf7-validates-as-number\" min=\"1\" max=\"12\" aria-invalid=\"false\" value=\"1\" type=\"number\" name=\"number-pescadores\" \/><\/span>\n\t\t\t<\/p>\n\t\t\t<p> N\u00famero total de acompa\u00f1antes<br \/>\n<span class=\"wpcf7-form-control-wrap\" data-name=\"number-acompanhantes\"><input class=\"wpcf7-form-control wpcf7-number wpcf7-validates-as-number\" min=\"0\" max=\"12\" aria-invalid=\"false\" value=\"0\" type=\"number\" name=\"number-acompanhantes\" \/><\/span>\n\t\t\t<\/p>\n\t\t\t<p> N\u00famero de puestos<br \/>\n<span class=\"wpcf7-form-control-wrap\" data-name=\"number-pesqueiros\"><input class=\"wpcf7-form-control wpcf7-number wpcf7-validates-as-number\" min=\"1\" max=\"6\" aria-invalid=\"false\" value=\"1\" type=\"number\" name=\"number-pesqueiros\" \/><\/span>\n\t\t\t<\/p>\n\t\t<\/div>\n\t\t<div class=\"fixspacing lagosform div50\">\n\t\t\t<div>\n\t\t\t\t<p> Lago elegido<br \/>\n<span class=\"wpcf7-form-control-wrap\" data-name=\"radio-lagos\"><span class=\"wpcf7-form-control wpcf7-radio\"><span class=\"wpcf7-list-item first\"><input type=\"radio\" name=\"radio-lagos\" value=\"Charca\" checked=\"checked\" \/><span class=\"wpcf7-list-item-label\">Charca<\/span><\/span><span class=\"wpcf7-list-item last\"><input type=\"radio\" name=\"radio-lagos\" value=\"Lago de los Pinos\" \/><span class=\"wpcf7-list-item-label\">Lago de los Pinos<\/span><\/span><\/span><\/span>\n\t\t\t\t<\/p>\n\t\t\t<\/div>\n\t\t\t<div>\n\t\t\t\t<div data-id=\"group-1\" data-orig_data_id=\"group-1\"  class=\"\" data-class=\"wpcf7cf_group\">\n\t\t\t\t\t<p>Tipo de alojamiento<br \/>\n<span class=\"wpcf7-form-control-wrap\" data-name=\"radio-acomodacao-charca\"><span class=\"wpcf7-form-control wpcf7-radio\"><span class=\"wpcf7-list-item first\"><input type=\"radio\" name=\"radio-acomodacao-charca\" value=\"Bungalow\" checked=\"checked\" \/><span class=\"wpcf7-list-item-label\">Bungalow<\/span><\/span><span class=\"wpcf7-list-item last\"><input type=\"radio\" name=\"radio-acomodacao-charca\" value=\"Acampada\" \/><span class=\"wpcf7-list-item-label\">Acampada<\/span><\/span><\/span><\/span>\n\t\t\t\t\t<\/p>\n\t\t\t\t<\/div>\n\t\t\t\t<div data-id=\"group-2\" data-orig_data_id=\"group-2\"  class=\"\" data-class=\"wpcf7cf_group\">\n\t\t\t\t\t<p>Tipo de alojamiento<br \/>\n<span class=\"wpcf7-form-control-wrap\" data-name=\"radio-acomodacao-pinheiro\"><span class=\"wpcf7-form-control wpcf7-radio\"><span class=\"wpcf7-list-item first last\"><input type=\"radio\" name=\"radio-acomodacao-pinheiro\" value=\"Acampada\" checked=\"checked\" \/><span class=\"wpcf7-list-item-label\">Acampada<\/span><\/span><\/span><\/span>\n\t\t\t\t\t<\/p>\n\t\t\t\t<\/div>\n\t\t\t<\/div>\n\t\t\t<div>\n\t\t\t\t<p> \u00bfQuieres una barca de remos?<br \/>\n<span class=\"wpcf7-form-control-wrap\" data-name=\"radio-barcoyn\"><span class=\"wpcf7-form-control wpcf7-radio\"><span class=\"wpcf7-list-item first\"><input type=\"radio\" name=\"radio-barcoyn\" value=\"Sin barca\" checked=\"checked\" \/><span class=\"wpcf7-list-item-label\">Sin barca<\/span><\/span><span class=\"wpcf7-list-item last\"><input type=\"radio\" name=\"radio-barcoyn\" value=\"Barca de remos\" \/><span class=\"wpcf7-list-item-label\">Barca de remos<\/span><\/span><\/span><\/span>\n\t\t\t\t<\/p>\n\t\t\t\t<div data-id=\"group-523\" data-orig_data_id=\"group-523\"  class=\"\" data-class=\"wpcf7cf_group\">\n\t\t\t\t\t<p><span class=\"wpcf7-form-control-wrap\" data-name=\"radio-barcoutilities\"><span class=\"wpcf7-form-control wpcf7-radio\"><span class=\"wpcf7-list-item first\"><input type=\"radio\" name=\"radio-barcoutilities\" value=\"Remos\" checked=\"checked\" \/><span class=\"wpcf7-list-item-label\">Remos<\/span><\/span><span class=\"wpcf7-list-item last\"><input type=\"radio\" name=\"radio-barcoutilities\" value=\"Motor Electrico\" \/><span class=\"wpcf7-list-item-label\">Motor Electrico<\/span><\/span><\/span><\/span>\n\t\t\t\t\t<\/p>\n\t\t\t\t<\/div>\n\t\t\t<\/div>\n\t\t<\/div>\n\t\t<div class=\"fixspacing personaldetails div50\">\n\t\t\t<div>\n\t\t\t\t<p>Nombre<br \/>\n<span class=\"wpcf7-form-control-wrap\" data-name=\"your-name\"><input size=\"40\" maxlength=\"400\" class=\"wpcf7-form-control wpcf7-text wpcf7-validates-as-required\" aria-required=\"true\" aria-invalid=\"false\" value=\"\" type=\"text\" name=\"your-name\" \/><\/span>\n\t\t\t\t<\/p>\n\t\t\t<\/div>\n\t\t\t<div>\n\t\t\t\t<p>Correo electr\u00f3nico<br \/>\n<span class=\"wpcf7-form-control-wrap\" data-name=\"your-email\"><input size=\"40\" maxlength=\"400\" class=\"wpcf7-form-control wpcf7-email wpcf7-validates-as-required wpcf7-text wpcf7-validates-as-email\" aria-required=\"true\" aria-invalid=\"false\" value=\"\" type=\"email\" name=\"your-email\" \/><\/span>\n\t\t\t\t<\/p>\n\t\t\t<\/div>\n\t\t\t<div>\n\t\t\t\t<p>Tel\u00e9fono\n\t\t\t\t<\/p>\n\t\t\t\t<div class=\"divformphone\">\n\t\t\t\t\t<div class=\"inform formtelleft\">\n\t\t\t\t\t\t<p><span class=\"wpcf7-form-control-wrap\" data-name=\"indicativo-tel\"><input size=\"40\" maxlength=\"400\" class=\"wpcf7-form-control wpcf7-text wpcf7-validates-as-required\" aria-required=\"true\" aria-invalid=\"false\" placeholder=\"Codigo\" value=\"\" type=\"text\" name=\"indicativo-tel\" \/><\/span>\n\t\t\t\t\t\t<\/p>\n\t\t\t\t\t<\/div>\n\t\t\t\t\t<div class=\"inform formtelright\">\n\t\t\t\t\t\t<p><span class=\"wpcf7-form-control-wrap\" data-name=\"phone-number\"><input size=\"40\" maxlength=\"400\" class=\"wpcf7-form-control wpcf7-tel wpcf7-validates-as-required wpcf7-text wpcf7-validates-as-tel\" aria-required=\"true\" aria-invalid=\"false\" value=\"\" type=\"tel\" name=\"phone-number\" \/><\/span>\n\t\t\t\t\t\t<\/p>\n\t\t\t\t\t<\/div>\n\t\t\t\t<\/div>\n\t\t\t<\/div>\n\t\t<\/div>\n\t\t<p> Mensaje (opcional)<br \/>\n<span class=\"wpcf7-form-control-wrap\" data-name=\"your-message\"><textarea cols=\"40\" rows=\"10\" maxlength=\"2000\" class=\"wpcf7-form-control wpcf7-textarea\" aria-invalid=\"false\" name=\"your-message\"><\/textarea><\/span>\n\t\t<\/p>\n\t\t<p class=\"mcolor\"><br \/>\n<span class=\"wpcf7-form-control-wrap\" data-name=\"acceptance-216\"><span class=\"wpcf7-form-control wpcf7-acceptance\"><span class=\"wpcf7-list-item\"><label><input type=\"checkbox\" name=\"acceptance-216\" value=\"1\" aria-invalid=\"false\" \/><span class=\"wpcf7-list-item-label\">He le\u00eddo y acepto la <a href=\"\/es\/politica-privacidad\" target=\"_blank\">pol\u00edtica de privacidad<\/a>.<\/span><\/label><\/span><\/span><\/span>\n\t\t<\/p>\n\t\t<p><input class=\"wpcf7-form-control wpcf7-submit has-spinner\" type=\"submit\" value=\"Consultar disponibilidad\" \/>\n\t\t<\/p>\n\t<\/div>\n<\/div><div class=\"wpcf7-response-output\" aria-hidden=\"true\"><\/div>\n<\/form>\n<\/div>\n<\/div><\/div>\t\t\t\t<\/div>\n\t\t\t\t<\/div>\n\t\t\t\t\t<\/div>\n\t\t<\/div>\n\t\t\t\t\t<\/div>\n\t\t<\/section>\n\t\t\t\t\t<\/div>\n\t\t<\/div>\n\t\t\t\t\t<\/div>\n\t\t<\/section>\n\t\t\t\t<\/div>\n\t\t","protected":false},"excerpt":{"rendered":"<p>Consultar disponibilidad Fecha de entrada Fecha de salida N\u00famero total de pescadores N\u00famero total de acompa\u00f1antes N\u00famero de puestos Lago elegido CharcaLago de los Pinos Tipo de alojamiento BungalowAcampada Tipo de alojamiento Acampada \u00bfQuieres una barca de remos? Sin barcaBarca de remos RemosMotor Electrico Nombre Correo electr\u00f3nico Tel\u00e9fono Mensaje (opcional) He le\u00eddo y acepto la [&hellip;]<\/p>\n","protected":false},"author":1,"featured_media":0,"parent":0,"menu_order":0,"comment_status":"closed","ping_status":"closed","template":"","meta":{"_acf_changed":false,"footnotes":""},"class_list":["post-1938","page","type-page","status-publish","hentry"],"acf":[],"_links":{"self":[{"href":"https:\/\/carpodromo.pt\/es\/wp-json\/wp\/v2\/pages\/1938","targetHints":{"allow":["GET"]}}],"collection":[{"href":"https:\/\/carpodromo.pt\/es\/wp-json\/wp\/v2\/pages"}],"about":[{"href":"https:\/\/carpodromo.pt\/es\/wp-json\/wp\/v2\/types\/page"}],"author":[{"embeddable":true,"href":"https:\/\/carpodromo.pt\/es\/wp-json\/wp\/v2\/users\/1"}],"replies":[{"embeddable":true,"href":"https:\/\/carpodromo.pt\/es\/wp-json\/wp\/v2\/comments?post=1938"}],"version-history":[{"count":9,"href":"https:\/\/carpodromo.pt\/es\/wp-json\/wp\/v2\/pages\/1938\/revisions"}],"predecessor-version":[{"id":2449,"href":"https:\/\/carpodromo.pt\/es\/wp-json\/wp\/v2\/pages\/1938\/revisions\/2449"}],"wp:attachment":[{"href":"https:\/\/carpodromo.pt\/es\/wp-json\/wp\/v2\/media?parent=1938"}],"curies":[{"name":"wp","href":"https:\/\/api.w.org\/{rel}","templated":true}]}}